{"id":10703,"date":"2020-05-28T16:55:01","date_gmt":"2020-05-28T16:55:01","guid":{"rendered":"https:\/\/sacidkordas.com\/?page_id=10703"},"modified":"2024-07-23T12:42:01","modified_gmt":"2024-07-23T12:42:01","slug":"avis-legal","status":"publish","type":"page","link":"https:\/\/sacidkordas.com\/ca\/avis-legal\/","title":{"rendered":"Av\u00eds legal"},"content":{"rendered":"[vc_row type=&#8221;in_container&#8221; full_screen_row_position=&#8221;middle&#8221; column_margin=&#8221;default&#8221; column_direction=&#8221;default&#8221; column_direction_tablet=&#8221;default&#8221; column_direction_phone=&#8221;default&#8221; scene_position=&#8221;center&#8221; text_color=&#8221;dark&#8221; text_align=&#8221;left&#8221; row_border_radius=&#8221;none&#8221; row_border_radius_applies=&#8221;bg&#8221; overflow=&#8221;visible&#8221; overlay_strength=&#8221;0.3&#8243; gradient_direction=&#8221;left_to_right&#8221; shape_divider_position=&#8221;bottom&#8221; bg_image_animation=&#8221;none&#8221;][vc_column column_padding=&#8221;no-extra-padding&#8221; column_padding_tablet=&#8221;inherit&#8221; column_padding_phone=&#8221;inherit&#8221; column_padding_position=&#8221;all&#8221; column_element_direction_desktop=&#8221;default&#8221; column_element_spacing=&#8221;default&#8221; desktop_text_alignment=&#8221;default&#8221; tablet_text_alignment=&#8221;default&#8221; phone_text_alignment=&#8221;default&#8221; background_color_opacity=&#8221;1&#8243; background_hover_color_opacity=&#8221;1&#8243; column_backdrop_filter=&#8221;none&#8221; column_shadow=&#8221;none&#8221; column_border_radius=&#8221;none&#8221; column_link_target=&#8221;_self&#8221; column_position=&#8221;default&#8221; gradient_direction=&#8221;left_to_right&#8221; overlay_strength=&#8221;0.3&#8243; width=&#8221;1\/1&#8243; tablet_width_inherit=&#8221;default&#8221; animation_type=&#8221;default&#8221; bg_image_animation=&#8221;none&#8221; border_type=&#8221;simple&#8221; column_border_width=&#8221;none&#8221; column_border_style=&#8221;solid&#8221;][vc_column_text]\n<p style=\"text-align: center;\"><strong><u>AV\u00cdS LEGAL<\/u><\/strong><\/p>\n<p>El prop\u00f2sit d&#8217;aquest Av\u00eds Legal, \u00e9s informar els usuaris de <a href=\"http:\/\/www.sacidkordas.com\">www.sacidkordas.com<\/a>, domiciliada en, Pol\u00edgon Raval dels Torrents, 4, Parcel.la 4 \u00a0la ra\u00f3 social dels quals del Responsable del tractament \u00e9s SA DE CABULLERIA INDUSTRIAL I ESPORTIVA (KORDAS), de quin \u00e9s la seva <strong>pol\u00edtica de protecci\u00f3 de la privacitat i confidencialitat de les dades de car\u00e0cter personal<\/strong> segons el Reglament General de Protecci\u00f3 de Dades (RGPD) que els seus usuaris faciliten de manera lliure i volunt\u00e0ria.<\/p>\n<p>SA DE CABULLERIA INDUSTRIAL I ESPORTIVA (KORDAS) posa en el seu coneixement que disposa de les seves dades de car\u00e0cter personal especificats en el corresponent registre d&#8217;activitats del tractament de l&#8217;empresa denominat Gesti\u00f3 d&#8217;Usuaris Web.<\/p>\n<p>La base legal per al tractament de les seves dades \u00e9s el consentiment obtingut del propi titular del tractament en el moment d&#8217;emplenar el nostre formulari en l\u00ednia i acceptar de manera expressa el mateix.<\/p>\n<p>La finalitat de la creaci\u00f3, exist\u00e8ncia i manteniment \u00e9s el tractament de les dades amb els exclusius fins de de poder fer efectiva la sol\u00b7licitud d&#8217;informaci\u00f3.<\/p>\n<p>&nbsp;<\/p>\n<p>Els destinataris de la informaci\u00f3 s\u00f3n tots els departaments, compartiments, locals i ens associats en els quals s&#8217;organitza SA DE CABULLERIA INDUSTRIAL I ESPORTIVA (KORDAS) i no seran cedits a cap tercer excepte en els casos que existeixi una obligaci\u00f3 legal.<\/p>\n<p>En tot cas, vost\u00e8 t\u00e9 dret a obtenir confirmaci\u00f3 sobre si en SA DE CABULLERIA INDUSTRIAL I ESPORTIVA \u00a0estem tractant les seves dades personals per tant t\u00e9 dret a accedir a les seves dades personals, rectificar les dades inexactes o sol\u00b7licitar la seva supressi\u00f3 quan les dades ja no siguin necessaris.<\/p>\n<p>&nbsp;<\/p>\n<p>Tots els camps del formulari en l\u00ednia marcats com a \u201cobligatoris\u201d s\u00f3n d&#8217;obligat emplenament per a poder fer efectiva la seva sol\u00b7licitud d&#8217;informaci\u00f3.<\/p>\n<p>&nbsp;<\/p>\n<p>La Web <a href=\"http:\/\/www.sacidkordas.com\">www.sacidkordas.com<\/a> ha adoptat les mesures d&#8217;\u00edndole t\u00e8cnica i organitzatives necess\u00e0ries, segons el nivell de seguretat de protecci\u00f3 de dades que li correspon legalment, per a garantir la seguretat del tractament de dades de car\u00e0cter personal que constitueixen el seu fitxer automatitzat. No obstant aix\u00f2, l&#8217;usuari ha de ser conscient que en l&#8217;actualitat les mesures de seguretat en Internet no s\u00f3n inexpugnables i per tant no s&#8217;est\u00e0 a resguard de possibles intromissions il\u00b7legals i indegudes, que no serien responsabilitat de SA DE CABULLERIA INDUSTRIAL I ESPORTIVA (KORDAS), ja que ella ha actuat amb la dilig\u00e8ncia deguda per a protegir les dades conforme determina la llei. La pol\u00edtica de cookies de la Web <a href=\"http:\/\/www.sacidkordas.com\">www.sacidkordas.com<\/a> es troba determinada en l&#8217;apartat corresponent.<\/p>\n<p>La Web <a href=\"http:\/\/www.sacidkordas.com\">www.sacidkordas.com<\/a> far\u00e0 tot el possible perqu\u00e8 les seves dades estiguin sempre actualitzats. No obstant aix\u00f2, la responsabilitat sobre la qualitat de les dades dep\u00e8n del titular d&#8217;ells, d&#8217;aqu\u00ed ve que si existeix alguna modificaci\u00f3 de les dades l&#8217;usuari de la web els comunicar\u00e0 al Responsable del Fitxer, declinant aquesta tota responsabilitat en cas que ometi la seva obligaci\u00f3 de notificar els canvis.<\/p>\n<p class=\"p1\">La prestaci\u00f3 del servei d&#8217;aquesta Web i les presents condicions d&#8217;\u00das del Lloc web es regeixen per la Llei Espanyola. Per a qualsevol discrep\u00e0ncia en l&#8217;execuci\u00f3, interpretaci\u00f3, compliment d&#8217;aquestes condicions, les parts se sotmeten als Jutjats i Tribunals competents.<\/p>\n[\/vc_column_text][\/vc_column][\/vc_row]\n","protected":false},"excerpt":{"rendered":"<p>[vc_row type=&#8221;in_container&#8221; full_screen_row_position=&#8221;middle&#8221; column_margin=&#8221;default&#8221; column_direction=&#8221;default&#8221; column_direction_tablet=&#8221;default&#8221; column_direction_phone=&#8221;default&#8221; scene_position=&#8221;center&#8221; text_color=&#8221;dark&#8221; text_align=&#8221;left&#8221; row_border_radius=&#8221;none&#8221; row_border_radius_applies=&#8221;bg&#8221; overflow=&#8221;visible&#8221; overlay_strength=&#8221;0.3&#8243; gradient_direction=&#8221;left_to_right&#8221; shape_divider_position=&#8221;bottom&#8221; bg_image_animation=&#8221;none&#8221;][vc_column column_padding=&#8221;no-extra-padding&#8221; column_padding_tablet=&#8221;inherit&#8221; column_padding_phone=&#8221;inherit&#8221; column_padding_position=&#8221;all&#8221; column_element_direction_desktop=&#8221;default&#8221; column_element_spacing=&#8221;default&#8221; desktop_text_alignment=&#8221;default&#8221; tablet_text_alignment=&#8221;default&#8221; phone_text_alignment=&#8221;default&#8221; background_color_opacity=&#8221;1&#8243; background_hover_color_opacity=&#8221;1&#8243; column_backdrop_filter=&#8221;none&#8221; column_shadow=&#8221;none&#8221; column_border_radius=&#8221;none&#8221; column_link_target=&#8221;_self&#8221; column_position=&#8221;default&#8221; gradient_direction=&#8221;left_to_right&#8221; overlay_strength=&#8221;0.3&#8243; width=&#8221;1\/1&#8243; tablet_width_inherit=&#8221;default&#8221; animation_type=&#8221;default&#8221; bg_image_animation=&#8221;none&#8221; border_type=&#8221;simple&#8221;&#8230;<\/p>\n","protected":false},"author":7,"featured_media":0,"parent":0,"menu_order":0,"comment_status":"closed","ping_status":"closed","template":"","meta":{"footnotes":""},"class_list":["post-10703","page","type-page","status-publish"],"_links":{"self":[{"href":"https:\/\/sacidkordas.com\/ca\/wp-json\/wp\/v2\/pages\/10703","targetHints":{"allow":["GET"]}}],"collection":[{"href":"https:\/\/sacidkordas.com\/ca\/wp-json\/wp\/v2\/pages"}],"about":[{"href":"https:\/\/sacidkordas.com\/ca\/wp-json\/wp\/v2\/types\/page"}],"author":[{"embeddable":true,"href":"https:\/\/sacidkordas.com\/ca\/wp-json\/wp\/v2\/users\/7"}],"replies":[{"embeddable":true,"href":"https:\/\/sacidkordas.com\/ca\/wp-json\/wp\/v2\/comments?post=10703"}],"version-history":[{"count":0,"href":"https:\/\/sacidkordas.com\/ca\/wp-json\/wp\/v2\/pages\/10703\/revisions"}],"wp:attachment":[{"href":"https:\/\/sacidkordas.com\/ca\/wp-json\/wp\/v2\/media?parent=10703"}],"curies":[{"name":"wp","href":"https:\/\/api.w.org\/{rel}","templated":true}]}}